{"id":4149,"date":"2025-08-14T15:58:55","date_gmt":"2025-08-14T13:58:55","guid":{"rendered":"https:\/\/demo.xeniaprogetti.it\/fondazioneconcettadalessandro\/?page_id=4149"},"modified":"2026-03-04T09:38:27","modified_gmt":"2026-03-04T08:38:27","slug":"prestazioni","status":"publish","type":"page","link":"https:\/\/demo.xeniaprogetti.it\/fondazioneconcettadalessandro\/prestazioni\/","title":{"rendered":"Prestazioni"},"content":{"rendered":"<p><div class=\"fusion-fullwidth fullwidth-box fusion-builder-row-1 fusion-flex-container has-pattern-background has-mask-background nonhundred-percent-fullwidth non-hundred-percent-height-scrolling\" style=\"--awb-border-radius-top-left:0px;--awb-border-radius-top-right:0px;--awb-border-radius-bottom-right:0px;--awb-border-radius-bottom-left:0px;--awb-padding-right:0px;--awb-flex-wrap:wrap;\" ><div class=\"fusion-builder-row fusion-row fusion-flex-align-items-flex-start fusion-flex-content-wrap\" style=\"max-width:1365px;margin-left: calc(-5% \/ 2 );margin-right: calc(-5% \/ 2 );\"><div class=\"fusion-layout-column fusion_builder_column fusion-builder-column-0 fusion_builder_column_1_1 1_1 fusion-flex-column\" style=\"--awb-bg-color:#ffffff;--awb-bg-color-hover:#ffffff;--awb-bg-position:center top;--awb-bg-size:cover;--awb-width-large:100%;--awb-margin-top-large:0px;--awb-spacing-right-large:2.375%;--awb-margin-bottom-large:0px;--awb-spacing-left-large:2.375%;--awb-width-medium:100%;--awb-spacing-right-medium:2.375%;--awb-spacing-left-medium:2.375%;--awb-width-small:100%;--awb-spacing-right-small:2.375%;--awb-spacing-left-small:2.375%;\"><div class=\"fusion-column-wrapper fusion-flex-justify-content-flex-start fusion-content-layout-column\"><div class=\"fusion-builder-row fusion-builder-row-inner fusion-row fusion-flex-align-items-flex-start fusion-flex-content-wrap\" style=\"width:105% !important;max-width:105% !important;margin-left: calc(-5% \/ 2 );margin-right: calc(-5% \/ 2 );\"><div class=\"fusion-layout-column fusion_builder_column_inner fusion-builder-nested-column-0 fusion_builder_column_inner_1_1 1_1 fusion-flex-column fusion-animated\" style=\"--awb-padding-top:35px;--awb-padding-right:80px;--awb-padding-bottom:25px;--awb-padding-left:80px;--awb-bg-color:#ffffff;--awb-bg-color-hover:#ffffff;--awb-bg-size:cover;--awb-box-shadow:0px 10px 20px 0px rgba(15,15,15,0.15);;--awb-width-large:100%;--awb-margin-top-large:0px;--awb-spacing-right-large:11.875%;--awb-margin-bottom-large:0px;--awb-spacing-left-large:11.875%;--awb-width-medium:83.333333333333%;--awb-order-medium:0;--awb-spacing-right-medium:14.25%;--awb-spacing-left-medium:14.25%;--awb-width-small:100%;--awb-order-small:0;--awb-spacing-right-small:2.375%;--awb-spacing-left-small:2.375%;\" data-animationType=\"fadeInDown\" data-animationDuration=\"1.0\" data-animationDelay=\"0.2\" data-animationOffset=\"top-into-view\" data-scroll-devices=\"small-visibility,medium-visibility,large-visibility\"><div class=\"fusion-column-wrapper fusion-column-has-shadow fusion-flex-justify-content-flex-start fusion-content-layout-column\"><div class=\"fusion-title title fusion-title-1 fusion-sep-none fusion-title-center fusion-title-text fusion-title-size-one\" style=\"--awb-text-color:#0f0f0f;--awb-font-size:48px;\"><h1 class=\"fusion-title-heading title-heading-center\" style=\"font-family:&quot;Montserrat&quot;;font-style:normal;font-weight:500;margin:0;font-size:1em;letter-spacing:-0.035em;text-transform:capitalize;line-height:1.2;\"><p style=\"text-align: center;\">Prestazioni<\/p><\/h1><\/div><div class=\"fusion-text fusion-text-1 fusion-text-no-margin\" style=\"--awb-content-alignment:center;--awb-font-size:17px;--awb-line-height:1.5;--awb-letter-spacing:-0.015em;--awb-text-transform:var(--awb-typography4-text-transform);--awb-text-color:#6b6b6b;--awb-margin-bottom:30px;--awb-text-font-family:&quot;Lora&quot;;--awb-text-font-style:normal;--awb-text-font-weight:400;\"><p>I servizi riabilitativi offrono percorsi personalizzati per l\u2019acquisizione, il miglioramento e il recupero delle funzioni compromesse a seguito di condizioni congenite, genetiche, disturbi del neurosviluppo, disturbi cognitivi, motori o del linguaggio, eventi cardiovascolari con complicanze neurologiche o patologie neurologiche.<\/p>\n<p>L\u2019obiettivo \u00e8 quello di accompagnare la persona verso il massimo livello possibile di autonomia e benessere, attraverso interventi mirati e multidisciplinari.<\/p>\n<p>Le attivit\u00e0 abilitative e riabilitative vengono svolte da professionisti qualificati \u2013 tra cui fisioterapisti, logopedisti, educatori e neuropsicomotricisti \u2013 che operano in sinergia, sulla base di un progetto medico individuale, per rispondere alle specifiche esigenze di ogni individuo.<\/p>\n<p>I percorsi possono essere erogati con modalit\u00e0 ambulatoriale, domiciliare o a seminternato e sono rivolti a persone di tutte le et\u00e0: bambini, adulti e anziani.<\/p>\n<p>L\u2019intervento riabilitativo pu\u00f2 riguardare l\u2019acquisizione di nuove abilit\u00e0 e competenze, per quanto possibile in base all\u2019et\u00e0 anagrafica e alla condizione clinica di base, il recupero di abilit\u00e0 perdute o il mantenimento di capacit\u00e0 residue nei casi di patologie croniche o degenerative.<\/p>\n<p>Attraverso una presa in carico globale e attenta, i servizi riabilitativi contribuiscono a migliorare la qualit\u00e0 della vita della persona e a supportare anche la famiglia nel percorso di cura.<\/p>\n<\/div><\/div><\/div><\/div><\/div><\/div><\/div><\/div><div class=\"fusion-fullwidth fullwidth-box fusion-builder-row-2 fusion-flex-container has-pattern-background has-mask-background hundred-percent-fullwidth non-hundred-percent-height-scrolling\" style=\"--awb-border-radius-top-left:0px;--awb-border-radius-top-right:0px;--awb-border-radius-bottom-right:0px;--awb-border-radius-bottom-left:0px;--awb-padding-top:0px;--awb-padding-right:0px;--awb-padding-bottom:0px;--awb-padding-left:0px;--awb-margin-bottom:150px;--awb-flex-wrap:wrap;\" ><div class=\"fusion-builder-row fusion-row fusion-flex-align-items-flex-start fusion-flex-content-wrap\" style=\"width:calc( 100% + 0px ) !important;max-width:calc( 100% + 0px ) !important;margin-left: calc(-0px \/ 2 );margin-right: calc(-0px \/ 2 );\"><div class=\"fusion-layout-column fusion_builder_column fusion-builder-column-1 fusion_builder_column_1_3 1_3 fusion-flex-column\" style=\"--awb-bg-size:cover;--awb-width-large:33.333333333333%;--awb-margin-top-large:0px;--awb-spacing-right-large:0px;--awb-margin-bottom-large:0px;--awb-spacing-left-large:0px;--awb-width-medium:50%;--awb-order-medium:1;--awb-spacing-right-medium:0px;--awb-spacing-left-medium:0px;--awb-width-small:100%;--awb-order-small:0;--awb-spacing-right-small:0px;--awb-margin-bottom-small:60px;--awb-spacing-left-small:0px;\"><div class=\"fusion-column-wrapper fusion-column-has-shadow fusion-flex-justify-content-flex-start fusion-content-layout-column\"><div class=\"fusion-image-element \" style=\"--awb-aspect-ratio: 100 \/ 90;--awb-object-position:0% 50%;--awb-caption-title-font-family:var(--h2_typography-font-family);--awb-caption-title-font-weight:var(--h2_typography-font-weight);--awb-caption-title-font-style:var(--h2_typography-font-style);--awb-caption-title-size:var(--h2_typography-font-size);--awb-caption-title-transform:var(--h2_typography-text-transform);--awb-caption-title-line-height:var(--h2_typography-line-height);--awb-caption-title-letter-spacing:var(--h2_typography-letter-spacing);\"><span class=\" fusion-imageframe imageframe-none imageframe-1 hover-type-none has-aspect-ratio\"><a class=\"fusion-no-lightbox\" href=\"#\" target=\"_self\" aria-label=\"Seminternato_SalaPranzo\"><img decoding=\"async\" width=\"2560\" height=\"1714\" src=\"https:\/\/demo.xeniaprogetti.it\/fondazioneconcettadalessandro\/wp-content\/uploads\/2025\/10\/Seminternato_SalaPranzo-scaled.webp\" data-orig-src=\"https:\/\/demo.xeniaprogetti.it\/fondazioneconcettadalessandro\/wp-content\/uploads\/2025\/10\/Seminternato_SalaPranzo-scaled.webp\" class=\"lazyload img-responsive wp-image-4953 img-with-aspect-ratio\" data-parent-fit=\"cover\" data-parent-container=\".fusion-image-element\" alt srcset=\"data:image\/svg+xml,%3Csvg%20xmlns%3D%27http%3A%2F%2Fwww.w3.org%2F2000%2Fsvg%27%20width%3D%272560%27%20height%3D%271714%27%20viewBox%3D%270%200%202560%201714%27%3E%3Crect%20width%3D%272560%27%20height%3D%271714%27%20fill-opacity%3D%220%22%2F%3E%3C%2Fsvg%3E\" data-srcset=\"https:\/\/demo.xeniaprogetti.it\/fondazioneconcettadalessandro\/wp-content\/uploads\/2025\/10\/Seminternato_SalaPranzo-200x134.webp 200w, https:\/\/demo.xeniaprogetti.it\/fondazioneconcettadalessandro\/wp-content\/uploads\/2025\/10\/Seminternato_SalaPranzo-300x201.webp 300w, https:\/\/demo.xeniaprogetti.it\/fondazioneconcettadalessandro\/wp-content\/uploads\/2025\/10\/Seminternato_SalaPranzo-400x268.webp 400w, https:\/\/demo.xeniaprogetti.it\/fondazioneconcettadalessandro\/wp-content\/uploads\/2025\/10\/Seminternato_SalaPranzo-600x402.webp 600w, https:\/\/demo.xeniaprogetti.it\/fondazioneconcettadalessandro\/wp-content\/uploads\/2025\/10\/Seminternato_SalaPranzo-768x514.webp 768w, https:\/\/demo.xeniaprogetti.it\/fondazioneconcettadalessandro\/wp-content\/uploads\/2025\/10\/Seminternato_SalaPranzo-800x536.webp 800w, https:\/\/demo.xeniaprogetti.it\/fondazioneconcettadalessandro\/wp-content\/uploads\/2025\/10\/Seminternato_SalaPranzo-1024x685.webp 1024w, https:\/\/demo.xeniaprogetti.it\/fondazioneconcettadalessandro\/wp-content\/uploads\/2025\/10\/Seminternato_SalaPranzo-1200x803.webp 1200w, https:\/\/demo.xeniaprogetti.it\/fondazioneconcettadalessandro\/wp-content\/uploads\/2025\/10\/Seminternato_SalaPranzo-1536x1028.webp 1536w, https:\/\/demo.xeniaprogetti.it\/fondazioneconcettadalessandro\/wp-content\/uploads\/2025\/10\/Seminternato_SalaPranzo-scaled.webp 2560w\" data-sizes=\"auto\" data-orig-sizes=\"(max-width: 767px) 100vw, 600px\" \/><\/a><\/span><\/div><\/div><\/div><div class=\"fusion-layout-column fusion_builder_column fusion-builder-column-2 fusion_builder_column_1_3 1_3 fusion-flex-column fusion-flex-align-self-stretch\" style=\"--awb-padding-top:20px;--awb-padding-right:20%;--awb-padding-bottom:20px;--awb-padding-left:20%;--awb-padding-right-medium:20px;--awb-padding-left-medium:20px;--awb-bg-color:#fcfcfc;--awb-bg-color-hover:rgba(247,247,247,1);--awb-bg-size:cover;--awb-width-large:33.333333333333%;--awb-margin-top-large:0px;--awb-spacing-right-large:0px;--awb-margin-bottom-large:0px;--awb-spacing-left-large:0px;--awb-width-medium:50%;--awb-order-medium:3;--awb-spacing-right-medium:0px;--awb-spacing-left-medium:0px;--awb-width-small:100%;--awb-order-small:0;--awb-spacing-right-small:0px;--awb-margin-bottom-small:80px;--awb-spacing-left-small:0px;\"><div class=\"fusion-column-wrapper fusion-column-has-shadow fusion-flex-justify-content-center fusion-content-layout-column\"><div class=\"fusion-title title fusion-title-2 fusion-sep-none fusion-title-center fusion-title-text fusion-title-size-three\" style=\"--awb-text-color:var(--awb-color8);--awb-margin-top:0px;--awb-font-size:24px;\"><h3 class=\"fusion-title-heading title-heading-center\" style=\"font-family:&quot;Montserrat&quot;;font-style:normal;font-weight:400;margin:0;font-size:1em;letter-spacing:-0.015em;text-transform:capitalize;line-height:1.5;\">Seminternato<\/h3><\/div><div style=\"text-align:center;\"><a class=\"fusion-button button-flat fusion-button-default-size button-custom fusion-button-default button-1 fusion-button-default-span fusion-button-default-type\" style=\"--button_accent_color:var(--awb-color1);--button_border_color:#ffffff;--button_accent_hover_color:#ffffff;--button_border_hover_color:#ffffff;--button-border-radius-top-left:10px;--button-border-radius-top-right:10px;--button-border-radius-bottom-right:10px;--button-border-radius-bottom-left:10px;--button_gradient_top_color:var(--awb-color7);--button_gradient_bottom_color:var(--awb-color7);--button_gradient_top_color_hover:var(--awb-color5);--button_gradient_bottom_color_hover:var(--awb-color5);--button_text_transform:capitalize;--button_font_size:14px;--button_line_height:1.2;--button_typography-letter-spacing:0.015em;--button_typography-font-family:&quot;Lora&quot;;--button_typography-font-style:normal;--button_typography-font-weight:500;--button_margin-top:20px;\" target=\"_self\" href=\"https:\/\/demo.xeniaprogetti.it\/fondazioneconcettadalessandro\/seminternato\/\"><span class=\"fusion-button-text awb-button__text awb-button__text--default\">Scopri<\/span><\/a><\/div><\/div><\/div><div class=\"fusion-layout-column fusion_builder_column fusion-builder-column-3 fusion_builder_column_1_3 1_3 fusion-flex-column\" style=\"--awb-bg-size:cover;--awb-width-large:33.333333333333%;--awb-margin-top-large:0px;--awb-spacing-right-large:0px;--awb-margin-bottom-large:0px;--awb-spacing-left-large:0px;--awb-width-medium:50%;--awb-order-medium:5;--awb-spacing-right-medium:0px;--awb-spacing-left-medium:0px;--awb-width-small:100%;--awb-order-small:0;--awb-spacing-right-small:0px;--awb-margin-bottom-small:60px;--awb-spacing-left-small:0px;\"><div class=\"fusion-column-wrapper fusion-column-has-shadow fusion-flex-justify-content-flex-start fusion-content-layout-column\"><div class=\"fusion-image-element \" style=\"--awb-aspect-ratio: 100 \/ 90;--awb-object-position:100% 50%;--awb-caption-title-font-family:var(--h2_typography-font-family);--awb-caption-title-font-weight:var(--h2_typography-font-weight);--awb-caption-title-font-style:var(--h2_typography-font-style);--awb-caption-title-size:var(--h2_typography-font-size);--awb-caption-title-transform:var(--h2_typography-text-transform);--awb-caption-title-line-height:var(--h2_typography-line-height);--awb-caption-title-letter-spacing:var(--h2_typography-letter-spacing);\"><span class=\" fusion-imageframe imageframe-none imageframe-2 hover-type-none has-aspect-ratio\"><a class=\"fusion-no-lightbox\" href=\"#\" target=\"_self\" aria-label=\"palestra (2)\"><img decoding=\"async\" width=\"2560\" height=\"1714\" src=\"https:\/\/demo.xeniaprogetti.it\/fondazioneconcettadalessandro\/wp-content\/uploads\/2025\/10\/palestra-2-scaled.webp\" data-orig-src=\"https:\/\/demo.xeniaprogetti.it\/fondazioneconcettadalessandro\/wp-content\/uploads\/2025\/10\/palestra-2-scaled.webp\" class=\"lazyload img-responsive wp-image-4946 img-with-aspect-ratio\" data-parent-fit=\"cover\" data-parent-container=\".fusion-image-element\" alt srcset=\"data:image\/svg+xml,%3Csvg%20xmlns%3D%27http%3A%2F%2Fwww.w3.org%2F2000%2Fsvg%27%20width%3D%272560%27%20height%3D%271714%27%20viewBox%3D%270%200%202560%201714%27%3E%3Crect%20width%3D%272560%27%20height%3D%271714%27%20fill-opacity%3D%220%22%2F%3E%3C%2Fsvg%3E\" data-srcset=\"https:\/\/demo.xeniaprogetti.it\/fondazioneconcettadalessandro\/wp-content\/uploads\/2025\/10\/palestra-2-200x134.webp 200w, https:\/\/demo.xeniaprogetti.it\/fondazioneconcettadalessandro\/wp-content\/uploads\/2025\/10\/palestra-2-300x201.webp 300w, https:\/\/demo.xeniaprogetti.it\/fondazioneconcettadalessandro\/wp-content\/uploads\/2025\/10\/palestra-2-400x268.webp 400w, https:\/\/demo.xeniaprogetti.it\/fondazioneconcettadalessandro\/wp-content\/uploads\/2025\/10\/palestra-2-600x402.webp 600w, https:\/\/demo.xeniaprogetti.it\/fondazioneconcettadalessandro\/wp-content\/uploads\/2025\/10\/palestra-2-768x514.webp 768w, https:\/\/demo.xeniaprogetti.it\/fondazioneconcettadalessandro\/wp-content\/uploads\/2025\/10\/palestra-2-800x536.webp 800w, https:\/\/demo.xeniaprogetti.it\/fondazioneconcettadalessandro\/wp-content\/uploads\/2025\/10\/palestra-2-1024x685.webp 1024w, https:\/\/demo.xeniaprogetti.it\/fondazioneconcettadalessandro\/wp-content\/uploads\/2025\/10\/palestra-2-1200x803.webp 1200w, https:\/\/demo.xeniaprogetti.it\/fondazioneconcettadalessandro\/wp-content\/uploads\/2025\/10\/palestra-2-1536x1028.webp 1536w, https:\/\/demo.xeniaprogetti.it\/fondazioneconcettadalessandro\/wp-content\/uploads\/2025\/10\/palestra-2-scaled.webp 2560w\" data-sizes=\"auto\" data-orig-sizes=\"(max-width: 767px) 100vw, 600px\" \/><\/a><\/span><\/div><\/div><\/div><div class=\"fusion-layout-column fusion_builder_column fusion-builder-column-4 fusion_builder_column_1_3 1_3 fusion-flex-column fusion-flex-align-self-stretch\" style=\"--awb-padding-top:20px;--awb-padding-right:20%;--awb-padding-bottom:20px;--awb-padding-left:20%;--awb-padding-right-medium:20px;--awb-padding-left-medium:20px;--awb-bg-color:#fcfcfc;--awb-bg-color-hover:rgba(247,247,247,1);--awb-bg-size:cover;--awb-width-large:33.333333333333%;--awb-margin-top-large:0px;--awb-spacing-right-large:0px;--awb-margin-bottom-large:0px;--awb-spacing-left-large:0px;--awb-width-medium:50%;--awb-order-medium:2;--awb-spacing-right-medium:0px;--awb-spacing-left-medium:0px;--awb-width-small:100%;--awb-order-small:0;--awb-spacing-right-small:0px;--awb-margin-bottom-small:80px;--awb-spacing-left-small:0px;\"><div class=\"fusion-column-wrapper fusion-column-has-shadow fusion-flex-justify-content-center fusion-content-layout-column\"><div class=\"fusion-title title fusion-title-3 fusion-sep-none fusion-title-center fusion-title-text fusion-title-size-three\" style=\"--awb-text-color:var(--awb-color8);--awb-margin-top:0px;--awb-font-size:24px;\"><h3 class=\"fusion-title-heading title-heading-center\" style=\"font-family:&quot;Montserrat&quot;;font-style:normal;font-weight:400;margin:0;font-size:1em;letter-spacing:-0.015em;text-transform:capitalize;line-height:1.5;\">Domicilio<\/h3><\/div><div style=\"text-align:center;\"><a class=\"fusion-button button-flat fusion-button-default-size button-custom fusion-button-default button-2 fusion-button-default-span fusion-button-default-type\" style=\"--button_accent_color:var(--awb-color1);--button_border_color:#ffffff;--button_accent_hover_color:#ffffff;--button_border_hover_color:#ffffff;--button-border-radius-top-left:10px;--button-border-radius-top-right:10px;--button-border-radius-bottom-right:10px;--button-border-radius-bottom-left:10px;--button_gradient_top_color:var(--awb-color7);--button_gradient_bottom_color:var(--awb-color7);--button_gradient_top_color_hover:var(--awb-color5);--button_gradient_bottom_color_hover:var(--awb-color5);--button_text_transform:capitalize;--button_font_size:14px;--button_line_height:1.2;--button_typography-letter-spacing:0.015em;--button_typography-font-family:&quot;Lora&quot;;--button_typography-font-style:normal;--button_typography-font-weight:500;--button_margin-top:20px;\" target=\"_self\" href=\"https:\/\/demo.xeniaprogetti.it\/fondazioneconcettadalessandro\/domicilio\/\"><span class=\"fusion-button-text awb-button__text awb-button__text--default\">Scopri<\/span><\/a><\/div><\/div><\/div><div class=\"fusion-layout-column fusion_builder_column fusion-builder-column-5 fusion_builder_column_1_3 1_3 fusion-flex-column\" style=\"--awb-bg-size:cover;--awb-width-large:33.333333333333%;--awb-margin-top-large:0px;--awb-spacing-right-large:0px;--awb-margin-bottom-large:0px;--awb-spacing-left-large:0px;--awb-width-medium:50%;--awb-order-medium:4;--awb-spacing-right-medium:0px;--awb-spacing-left-medium:0px;--awb-width-small:100%;--awb-order-small:0;--awb-spacing-right-small:0px;--awb-margin-bottom-small:60px;--awb-spacing-left-small:0px;\"><div class=\"fusion-column-wrapper fusion-column-has-shadow fusion-flex-justify-content-flex-start fusion-content-layout-column\"><div class=\"fusion-image-element \" style=\"--awb-aspect-ratio: 100 \/ 90;--awb-object-position:0% 52%;--awb-caption-title-font-family:var(--h2_typography-font-family);--awb-caption-title-font-weight:var(--h2_typography-font-weight);--awb-caption-title-font-style:var(--h2_typography-font-style);--awb-caption-title-size:var(--h2_typography-font-size);--awb-caption-title-transform:var(--h2_typography-text-transform);--awb-caption-title-line-height:var(--h2_typography-line-height);--awb-caption-title-letter-spacing:var(--h2_typography-letter-spacing);\"><span class=\" fusion-imageframe imageframe-none imageframe-3 hover-type-none has-aspect-ratio\"><a class=\"fusion-no-lightbox\" href=\"#\" target=\"_self\" aria-label=\"domicilio\"><img decoding=\"async\" width=\"2040\" height=\"1536\" src=\"https:\/\/demo.xeniaprogetti.it\/fondazioneconcettadalessandro\/wp-content\/uploads\/2025\/12\/domicilio.webp\" data-orig-src=\"https:\/\/demo.xeniaprogetti.it\/fondazioneconcettadalessandro\/wp-content\/uploads\/2025\/12\/domicilio.webp\" class=\"lazyload img-responsive wp-image-6152 img-with-aspect-ratio\" data-parent-fit=\"cover\" data-parent-container=\".fusion-image-element\" alt srcset=\"data:image\/svg+xml,%3Csvg%20xmlns%3D%27http%3A%2F%2Fwww.w3.org%2F2000%2Fsvg%27%20width%3D%272040%27%20height%3D%271536%27%20viewBox%3D%270%200%202040%201536%27%3E%3Crect%20width%3D%272040%27%20height%3D%271536%27%20fill-opacity%3D%220%22%2F%3E%3C%2Fsvg%3E\" data-srcset=\"https:\/\/demo.xeniaprogetti.it\/fondazioneconcettadalessandro\/wp-content\/uploads\/2025\/12\/domicilio-200x151.webp 200w, https:\/\/demo.xeniaprogetti.it\/fondazioneconcettadalessandro\/wp-content\/uploads\/2025\/12\/domicilio-300x226.webp 300w, https:\/\/demo.xeniaprogetti.it\/fondazioneconcettadalessandro\/wp-content\/uploads\/2025\/12\/domicilio-400x301.webp 400w, https:\/\/demo.xeniaprogetti.it\/fondazioneconcettadalessandro\/wp-content\/uploads\/2025\/12\/domicilio-600x452.webp 600w, https:\/\/demo.xeniaprogetti.it\/fondazioneconcettadalessandro\/wp-content\/uploads\/2025\/12\/domicilio-768x578.webp 768w, https:\/\/demo.xeniaprogetti.it\/fondazioneconcettadalessandro\/wp-content\/uploads\/2025\/12\/domicilio-800x602.webp 800w, https:\/\/demo.xeniaprogetti.it\/fondazioneconcettadalessandro\/wp-content\/uploads\/2025\/12\/domicilio-1024x771.webp 1024w, https:\/\/demo.xeniaprogetti.it\/fondazioneconcettadalessandro\/wp-content\/uploads\/2025\/12\/domicilio-1200x904.webp 1200w, https:\/\/demo.xeniaprogetti.it\/fondazioneconcettadalessandro\/wp-content\/uploads\/2025\/12\/domicilio-1536x1157.webp 1536w, https:\/\/demo.xeniaprogetti.it\/fondazioneconcettadalessandro\/wp-content\/uploads\/2025\/12\/domicilio.webp 2040w\" data-sizes=\"auto\" data-orig-sizes=\"(max-width: 767px) 100vw, 600px\" \/><\/a><\/span><\/div><\/div><\/div><div class=\"fusion-layout-column fusion_builder_column fusion-builder-column-6 fusion_builder_column_1_3 1_3 fusion-flex-column fusion-flex-align-self-stretch\" style=\"--awb-padding-top:20px;--awb-padding-right:20%;--awb-padding-bottom:20px;--awb-padding-left:20%;--awb-padding-right-medium:20px;--awb-padding-left-medium:20px;--awb-bg-color:#fcfcfc;--awb-bg-color-hover:rgba(247,247,247,1);--awb-bg-size:cover;--awb-width-large:33.333333333333%;--awb-margin-top-large:0px;--awb-spacing-right-large:0px;--awb-margin-bottom-large:0px;--awb-spacing-left-large:0px;--awb-width-medium:50%;--awb-order-medium:6;--awb-spacing-right-medium:0px;--awb-spacing-left-medium:0px;--awb-width-small:100%;--awb-order-small:0;--awb-spacing-right-small:0px;--awb-margin-bottom-small:80px;--awb-spacing-left-small:0px;\"><div class=\"fusion-column-wrapper fusion-column-has-shadow fusion-flex-justify-content-center fusion-content-layout-column\"><div class=\"fusion-title title fusion-title-4 fusion-sep-none fusion-title-center fusion-title-text fusion-title-size-three\" style=\"--awb-text-color:var(--awb-color8);--awb-margin-top:0px;--awb-font-size:24px;\"><h3 class=\"fusion-title-heading title-heading-center\" style=\"font-family:&quot;Montserrat&quot;;font-style:normal;font-weight:400;margin:0;font-size:1em;letter-spacing:-0.015em;text-transform:capitalize;line-height:1.5;\">Ambulatorio<\/h3><\/div><div style=\"text-align:center;\"><a class=\"fusion-button button-flat fusion-button-default-size button-custom fusion-button-default button-3 fusion-button-default-span fusion-button-default-type\" style=\"--button_accent_color:var(--awb-color1);--button_border_color:#ffffff;--button_accent_hover_color:#ffffff;--button_border_hover_color:#ffffff;--button-border-radius-top-left:10px;--button-border-radius-top-right:10px;--button-border-radius-bottom-right:10px;--button-border-radius-bottom-left:10px;--button_gradient_top_color:var(--awb-color7);--button_gradient_bottom_color:var(--awb-color7);--button_gradient_top_color_hover:var(--awb-color5);--button_gradient_bottom_color_hover:var(--awb-color5);--button_text_transform:capitalize;--button_font_size:14px;--button_line_height:1.2;--button_typography-letter-spacing:0.015em;--button_typography-font-family:&quot;Lora&quot;;--button_typography-font-style:normal;--button_typography-font-weight:500;--button_margin-top:20px;\" target=\"_self\" href=\"https:\/\/demo.xeniaprogetti.it\/fondazioneconcettadalessandro\/ambulatorio\/\"><span class=\"fusion-button-text awb-button__text awb-button__text--default\">Scopri<\/span><\/a><\/div><\/div><\/div><\/div><\/div><\/p>\n","protected":false},"excerpt":{"rendered":"","protected":false},"author":2,"featured_media":0,"parent":0,"menu_order":0,"comment_status":"closed","ping_status":"closed","template":"","meta":{"footnotes":""},"class_list":["post-4149","page","type-page","status-publish","hentry"],"_links":{"self":[{"href":"https:\/\/demo.xeniaprogetti.it\/fondazioneconcettadalessandro\/wp-json\/wp\/v2\/pages\/4149","targetHints":{"allow":["GET"]}}],"collection":[{"href":"https:\/\/demo.xeniaprogetti.it\/fondazioneconcettadalessandro\/wp-json\/wp\/v2\/pages"}],"about":[{"href":"https:\/\/demo.xeniaprogetti.it\/fondazioneconcettadalessandro\/wp-json\/wp\/v2\/types\/page"}],"author":[{"embeddable":true,"href":"https:\/\/demo.xeniaprogetti.it\/fondazioneconcettadalessandro\/wp-json\/wp\/v2\/users\/2"}],"replies":[{"embeddable":true,"href":"https:\/\/demo.xeniaprogetti.it\/fondazioneconcettadalessandro\/wp-json\/wp\/v2\/comments?post=4149"}],"version-history":[{"count":56,"href":"https:\/\/demo.xeniaprogetti.it\/fondazioneconcettadalessandro\/wp-json\/wp\/v2\/pages\/4149\/revisions"}],"predecessor-version":[{"id":7283,"href":"https:\/\/demo.xeniaprogetti.it\/fondazioneconcettadalessandro\/wp-json\/wp\/v2\/pages\/4149\/revisions\/7283"}],"wp:attachment":[{"href":"https:\/\/demo.xeniaprogetti.it\/fondazioneconcettadalessandro\/wp-json\/wp\/v2\/media?parent=4149"}],"curies":[{"name":"wp","href":"https:\/\/api.w.org\/{rel}","templated":true}]}}