{"id":3969,"date":"2025-08-11T16:22:01","date_gmt":"2025-08-11T14:22:01","guid":{"rendered":"https:\/\/demo.xeniaprogetti.it\/fondazioneconcettadalessandro\/?page_id=3969"},"modified":"2026-03-03T17:55:46","modified_gmt":"2026-03-03T16:55:46","slug":"cookie-policy","status":"publish","type":"page","link":"https:\/\/demo.xeniaprogetti.it\/fondazioneconcettadalessandro\/cookie-policy\/","title":{"rendered":"Cookie Policy"},"content":{"rendered":"<div class=\"fusion-fullwidth fullwidth-box fusion-builder-row-1 fusion-flex-container has-mask-background nonhundred-percent-fullwidth non-hundred-percent-height-scrolling\" style=\"--awb-border-radius-top-left:0px;--awb-border-radius-top-right:0px;--awb-border-radius-bottom-right:0px;--awb-border-radius-bottom-left:0px;--awb-padding-top:0px;--awb-padding-bottom:0px;--awb-flex-wrap:wrap;\" ><div class=\"fusion-builder-row fusion-row fusion-flex-align-items-flex-start fusion-flex-content-wrap\" style=\"max-width:1365px;margin-left: calc(-5% \/ 2 );margin-right: calc(-5% \/ 2 );\"><div class=\"fusion-layout-column fusion_builder_column fusion-builder-column-0 fusion_builder_column_1_1 1_1 fusion-flex-column\" style=\"--awb-padding-right:20px;--awb-bg-size:cover;--awb-width-large:100%;--awb-margin-top-large:0px;--awb-spacing-right-large:2.375%;--awb-margin-bottom-large:0px;--awb-spacing-left-large:2.375%;--awb-width-medium:100%;--awb-order-medium:0;--awb-spacing-right-medium:2.375%;--awb-spacing-left-medium:2.375%;--awb-width-small:100%;--awb-order-small:0;--awb-spacing-right-small:2.375%;--awb-margin-bottom-small:60px;--awb-spacing-left-small:2.375%;\"><div class=\"fusion-column-wrapper fusion-column-has-shadow fusion-flex-justify-content-flex-start fusion-content-layout-column\"><div class=\"fusion-title title fusion-title-1 fusion-sep-none fusion-title-text fusion-title-size-one fusion-animated\" style=\"--awb-text-color:var(--awb-color7);--awb-font-size:48px;--awb-animation-color:#ededed;\" data-animationType=\"revealInLeft\" data-animationDuration=\"1.5\" data-animationDelay=\"0.5\" data-animationOffset=\"top-into-view\"><h1 class=\"fusion-title-heading title-heading-left\" style=\"font-family:&quot;Montserrat&quot;;font-style:normal;font-weight:500;margin:0;font-size:1em;letter-spacing:-0.015em;text-transform:capitalize;line-height:1.3;\">Cookie Policy<\/h1><\/div><div class=\"fusion-text fusion-text-1 fusion-text-no-margin\" style=\"--awb-font-size:17px;--awb-line-height:1.4;--awb-letter-spacing:-0.015em;--awb-text-transform:var(--awb-typography4-text-transform);--awb-text-color:var(--awb-color7);--awb-margin-bottom:10px;--awb-text-font-family:&quot;Lora&quot;;--awb-text-font-style:normal;--awb-text-font-weight:400;\"><p><strong>Cosa sono i Cookies.<\/strong><\/p>\n<p>I cookie sono piccoli file di testo utilizzati dai siti web per rendere pi\u00f9 efficiente l\u2019esperienza dell\u2019utente e possono contenere diversi dati (ad esempio: nome del server di provenienza, identificatore numerico, ecc.). I cookie possono rimanere memorizzati nel sistema per la durata di una sessione (ossia fino alla chiusura del browser utilizzato per la navigazione) oppure per periodi pi\u00f9 lunghi e possono includere un codice identificativo univoco.<\/p>\n<p>In base alla loro funzione e alle finalit\u00e0 di utilizzo, i cookie possono suddividersi in cookie tecnici, cookie di terze parti e cookie di profilazione.<\/p>\n<p>Ad ogni visita successiva alla prima, i cookie possono essere reinviati al sito web che li ha generati (cookie di prima parte) oppure a un altro sito in grado di riconoscerli (cookie di terze parti). Tali cookie sono utili perch\u00e9 consentono diverse funzioni, ad esempio: navigare in modo efficiente tra le pagine, ricordare le preferenze e migliorare, in generale, l\u2019esperienza di navigazione.<\/p>\n<p>In alcuni casi (cookie di profilazione), i cookie contribuiscono a garantire che i contenuti pubblicitari visualizzati online siano pi\u00f9 mirati all\u2019utente e ai suoi interessi.<\/p>\n<p>La normativa prevede che i cookie possano essere memorizzati sul dispositivo dell\u2019utente quando ci\u00f2 \u00e8 strettamente necessario per il funzionamento del sito (cookie tecnici). Per tutte le altre tipologie di cookie, invece, \u00e8 richiesto il consenso dell\u2019utente, che pu\u00f2 essere modificato o revocato in qualsiasi momento.<\/p>\n<p>Nel proprio browser, l\u2019utente pu\u00f2 impostare le preferenze di privacy in modo da non memorizzare i cookie, eliminarli dopo ogni visita o alla chiusura del browser, oppure accettare solo i cookie di prima parte e rifiutare quelli di terze parti.<\/p>\n<p><strong>Cookie tecnici.<\/strong><\/p>\n<p>I gi\u00e0 citati cookie tecnici sono quelli il cui utilizzo non richiede il consenso dell\u2019utente. Tali cookie sono essenziali per consentire la navigazione sul sito www.fondazioneconcettadalessandro.org e l\u2019utilizzo di tutte le sue funzionalit\u00e0, rendendo l\u2019esperienza di navigazione pi\u00f9 fluida ed efficiente.<\/p>\n<p>Alla categoria dei cookie tecnici appartengono anche i cookie di prestazione (performance cookie, detti anche cookie analytics). Si tratta di cookie statistici utilizzati dai gestori dei siti web per raccogliere informazioni, in forma aggregata, sul numero degli utenti e sulle modalit\u00e0 di visita del sito, al fine di elaborare statistiche generali sul servizio e sul suo utilizzo. Il loro scopo \u00e8 aiutare i proprietari del sito a comprendere come i visitatori interagiscono con le pagine, raccogliendo e trasmettendo informazioni in forma anonima.<\/p>\n<p>I cookie tecnici sono essenziali e non possono essere disabilitati tramite funzionalit\u00e0 dirette di questo sito web. Tuttavia, tutti i cookie possono essere disattivati dal browser in qualsiasi momento; tale scelta, per\u00f2, potrebbe compromettere il corretto funzionamento del sito.<\/p>\n<p><b>Cookie di profilazione<\/b>.<\/p>\n<p>Quando, invece, i cookie vengono utilizzati per monitorare e profilare gli utenti durante la navigazione, analizzandone i comportamenti e le abitudini di consultazione del web o di consumo (ad esempio ci\u00f2 che acquistano o leggono), anche al fine di inviare comunicazioni pubblicitarie mirate e personalizzate, si parla di cookie di profilazione. Tali cookie, tuttavia, non sono presenti sul sito www.fondazioneconcettadalessandro.org.<\/p>\n<p><b>Cookie di terze parti<\/b>.<\/p>\n<p>La navigazione sul sito potrebbe comportare l\u2019utilizzo di cookie di siti o web server diversi (c.d. cookie di terze parti). Ci\u00f2 pu\u00f2 accadere perch\u00e9 nel sito possono essere presenti elementi quali, ad esempio, immagini, mappe, contenuti multimediali o link a pagine web di altri domini, ospitati su server differenti rispetto a quello su cui risiede la pagina richiesta.<\/p>\n<p>In altre parole, tali cookie sono impostati direttamente da gestori di siti web o server diversi da www.fondazioneconcettadalessandro.org.<br \/>\nI cookie di terze parti, talvolta, possono essere utilizzati anche per personalizzare l\u2019esposizione pubblicitaria in base agli interessi dell\u2019utente e alla frequenza di visualizzazione del messaggio (rientrando, in tal caso, nell\u2019ambito dei cookie di profilazione).<\/p>\n<p>L\u2019utilizzo di questi cookie richiede l\u2019acquisizione preventiva del consenso libero e informato dell\u2019utente. Tali cookie non sono controllati direttamente dalla Fondazione \u201cConcetta D\u2019Alessandro\u201d; pertanto, per modificare o revocare il consenso eventualmente prestato, sar\u00e0 necessario fare riferimento alle informative e alle impostazioni fornite dalle singole terze parti.<\/p>\n<p><b>Cookie utilizzati (<\/b><b>nome fornitori, scopi, scadenza, tipo)\u00a0<\/b><b>e link esterni<\/b>.<\/p>\n<p>Il sito www.fondazioneconcettadalessandro.org utilizza i cookie per rendere i propri servizi pi\u00f9 semplici ed efficienti per l\u2019utente che consulta le pagine web. Gli utenti che accedono al sito possono ricevere sul proprio dispositivo (computer o dispositivo mobile) piccole quantit\u00e0 di informazioni sotto forma di file di testo (\u201ccookie\u201d), memorizzati nelle directory utilizzate dal browser.<\/p>\n<p>I cookie utilizzati da www.fondazioneconcettadalessandro.org consentono di:<\/p>\n<ul>\n<li>Memorizzare le preferenze di navigazione;<\/li>\n<li>Evitare di reinserire le stesse informazioni pi\u00f9 volte;<\/li>\n<li>Analizzare l\u2019utilizzo dei servizi e dei contenuti forniti dal sito, per ottimizzarne l\u2019esperienza di navigazione.<\/li>\n<\/ul>\n<\/div><div class=\"fusion-title title fusion-title-2 fusion-sep-none fusion-title-text fusion-title-size-three\" style=\"--awb-font-size:20px;\"><h3 class=\"fusion-title-heading title-heading-left\" style=\"font-family:&quot;Montserrat&quot;;font-style:normal;font-weight:600;margin:0;font-size:1em;\">Con riferimento a questo sito, infatti, vengono utilizzati i seguenti cookies:<\/h3><\/div><div class=\"wpconsent-cookie-policy\"><h2 class=\"wpconsent-cookie-category-name\">Essenziali<\/h2><p class=\"wpconsent-cookie-category-description\">I cookie essenziali abilitano funzioni di base e sono necessari per il corretto funzionamento del sito web.<\/p><table class=\"wpconsent-cookie-policy-table\"><tr><th>Cookie ID<\/th><th>Purpose<\/th><th>Duration<\/th><\/tr><tr><td>wpconsent_preferences<\/td><td>Questo cookie viene utilizzato per memorizzare le preferenze di consenso ai cookie dell\u2019utente.<\/td><td>30 giorni<\/td><\/tr><\/table><h3 class=\"wpconsent-cookie-service-name\">Comments<\/h3><p class=\"wpconsent-cookie-service-description\">Questi cookie sono necessari per aggiungere commenti su questo sito web.<\/p><table class=\"wpconsent-cookie-policy-table\"><tr><th>Cookie ID<\/th><th>Purpose<\/th><th>Duration<\/th><\/tr><tr><td>comment_author<\/td><td>Usato per tracciare l\u2019utente su pi\u00f9 sessioni.<\/td><td>Sessione<\/td><\/tr><tr><td>comment_author_email<\/td><td>Usato per tracciare l\u2019utente su pi\u00f9 sessioni.<\/td><td>Sessione<\/td><\/tr><tr><td>comment_author_url<\/td><td>Usato per tracciare l\u2019utente su pi\u00f9 sessioni.<\/td><td>Sessione<\/td><\/tr><\/table><h3 class=\"wpconsent-cookie-service-name\">Login<\/h3><p class=\"wpconsent-cookie-service-description\">Questi cookie sono utilizzati per gestire la funzionalit\u00e0 di accesso (login) su questo sito web.<\/p><table class=\"wpconsent-cookie-policy-table\"><tr><th>Cookie ID<\/th><th>Purpose<\/th><th>Duration<\/th><\/tr><tr><td>wordpress_logged_in<\/td><td>Utilizzato per memorizzare lo stato degli utenti autenticati.<\/td><td>Persistente<\/td><\/tr><tr><td>wordpress_sec<\/td><td>Usato per tracciare l\u2019utente su pi\u00f9 sessioni.<\/td><td>15 giorni<\/td><\/tr><tr><td>wordpress_test_cookie<\/td><td>Utilizzato per verificare se i cookie sono abilitati.<\/td><td>Sessione<\/td><\/tr><\/table><h2 class=\"wpconsent-cookie-category-name\">Marketing<\/h2><p class=\"wpconsent-cookie-category-description\">I cookie di marketing vengono utilizzati per tracciare i visitatori nei siti web. L\u2019obiettivo \u00e8 mostrare annunci pertinenti e coinvolgenti per il singolo utente.<\/p><h3 class=\"wpconsent-cookie-service-name\">Google Maps<\/h3><p class=\"wpconsent-cookie-service-description\">Google Maps is a web mapping service providing satellite imagery, real-time navigation, and location-based information.<\/p><a href=\"https:\/\/policies.google.com\/privacy\">Learn more<\/a><table class=\"wpconsent-cookie-policy-table\"><tr><th>Cookie ID<\/th><th>Purpose<\/th><th>Duration<\/th><\/tr><tr><td>OGPC<\/td><td>These cookies are used by Google to store user preferences and information while viewing Google mapped pages.<\/td><td>1 month<\/td><\/tr><tr><td>OGP<\/td><td>This cookie is used by Google to activate and track the Google Maps functionality.<\/td><td>2 months<\/td><\/tr><\/table><h3 class=\"wpconsent-cookie-service-name\">Youtube<\/h3><p class=\"wpconsent-cookie-service-description\">A video-sharing platform for users to upload, view, and share videos across various genres and topics.<\/p><a href=\"https:\/\/www.youtube.com\/howyoutubeworks\/our-commitments\/protecting-user-data\/\">Learn more<\/a><table class=\"wpconsent-cookie-policy-table\"><tr><th>Cookie ID<\/th><th>Purpose<\/th><th>Duration<\/th><\/tr><tr><td>GPS<\/td><td>Registers a unique ID on mobile devices to enable tracking based on geographical GPS location.<\/td><td>1 day<\/td><\/tr><tr><td>VISITOR_INFO1_LIVE<\/td><td>Tries to estimate the users&#039; bandwidth on pages with integrated YouTube videos. Also used for marketing<\/td><td>179 days<\/td><\/tr><tr><td>PREF<\/td><td>This cookie stores your preferences and other information, in particular preferred language, how many search results you wish to be shown on your page, and whether or not you wish to have Google\u2019s SafeSearch filter turned on.<\/td><td>10 years from set\/ update<\/td><\/tr><tr><td>YSC<\/td><td>Registers a unique ID to keep statistics of what videos from YouTube the user has seen.<\/td><td>Session<\/td><\/tr><tr><td>DEVICE_INFO<\/td><td>Used to detect if the visitor has accepted the marketing category in the cookie banner. This cookie is necessary for GDPR-compliance of the website.<\/td><td>179 days<\/td><\/tr><tr><td>LOGIN_INFO<\/td><td>This cookie is used to play YouTube videos embedded on the website.<\/td><td>2 years<\/td><\/tr><tr><td>VISITOR_PRIVACY_METADATA<\/td><td>Youtube visitor privacy metadata cookie<\/td><td>180 days<\/td><\/tr><\/table><\/div><div class=\"fusion-text fusion-text-2\" style=\"--awb-font-size:17px;--awb-line-height:1.4;--awb-text-color:var(--awb-color7);--awb-margin-top:35px;--awb-text-font-family:&quot;Lora&quot;;--awb-text-font-style:normal;--awb-text-font-weight:400;\"><p>\u00c8 possibile rifiutare il conferimento dei dati di navigazione, selezionando l\u2019impostazione appropriata sul browser. A tal proposito si rimanda alle informative pubblicate sul sito di Google:\u00a0<a href=\"https:\/\/www.google.it\/intl\/it\/policies\/privacy\/\" target=\"_blank\" rel=\"noopener\" data-saferedirecturl=\"https:\/\/www.google.com\/url?q=https:\/\/www.google.it\/intl\/it\/policies\/privacy\/&amp;source=gmail&amp;ust=1721726481845000&amp;usg=AOvVaw3euaOOUQg1swlxvk0TQneY\">https:\/\/www.google.it\/intl\/it\/<wbr \/>policies\/privacy\/<\/a>\u00a0ed alla componente aggiuntiva del browser per la disattivazione di Google Analytics\u00a0<a href=\"https:\/\/tools.google.com\/dlpage\/gaoptout?hl=it\" target=\"_blank\" rel=\"noopener\" data-saferedirecturl=\"https:\/\/www.google.com\/url?q=https:\/\/tools.google.com\/dlpage\/gaoptout?hl%3Dit&amp;source=gmail&amp;ust=1721726481845000&amp;usg=AOvVaw1qNHhikcGsONEkRSfv99cQ\">https:\/\/tools.google.com\/<wbr \/>dlpage\/gaoptout?hl=it<\/a>.<\/p>\n<p>Si ribadisce che, tuttavia, questa scelta potrebbe impedire di utilizzare tutte le funzionalit\u00e0 del sito. Al contrario, mantenendo l\u2019utilizzo dei cookies cos\u00ec come sopra descritto e continuando la navigazione, l\u2019utente presta libero ed incondizionato consenso al trattamento, con le modalit\u00e0 e per le finalit\u00e0 sopra indicate.<\/p>\n<p>Inoltre, dal momento in cui l\u2019utente clicca sull\u2019icona di Facebook, link di Google Maps o altre\/i similare\/i che potranno essere aggiunte\/i al portale, viene indirizzato ai rispettivi siti e riceve da questi dei cookies che non sono sotto il controllo del Titolare (Fondazione \u201cConcetta D\u2019Alessandro\u201d). Inoltre, qualora l\u2019utente dovesse arrivare sul sito dopo aver cliccato su un banner pubblicato in un altro sito, deve sapere che i gestori di network pubblicitari assegnano dei cookies necessari per rilevare il throughput e l\u2019ammontare di eventuali acquisti effettuati. La responsabilit\u00e0 della gestione di questi cookies \u00e8 del gestore del network pubblicitario (la cui informativa \u00e8 di norma consultabile sul suo sito istituzionale). Infatti, il nostro sito pu\u00f2 contenere collegamenti a siti esterni che non sono gestiti da noi. L\u2019utenza abbia presente che, non abbiamo alcun controllo sul contenuto e sulle pratiche di questi siti e non possiamo assumerci alcuna responsabilit\u00e0, per le rispettive politiche sulla privacy. Dunque, invitiamo gli utenti a rivedere le politiche sulla privacy di questi siti esterni, prima di fornire loro qualsiasi informazione personale.<\/p>\n<p><b>Sicurezza<\/b>.<\/p>\n<p>La sicurezza delle informazioni personali degli utenti \u00e8 importante per noi ma preme ricordare che, nessun metodo di trasmissione su Internet o metodo di archiviazione elettronica, pu\u00f2 essere sicuro al 100%. Sebbene ci sforziamo di utilizzare mezzi commercialmente accettabili e\u00a0misure di sicurezza standard del settore\u00a0per proteggere le informazioni personali, non possiamo garantirne l\u2019assoluta sicurezza.<\/p>\n<p><b>Modifiche<\/b>.<\/p>\n<p>La presente Informativa sulla privacy rimarr\u00e0 in vigore salvo eventuali modifiche future alle sue disposizioni che entreranno in vigore, immediatamente, dopo la pubblicazione su questa pagina.<\/p>\n<p>Ci riserviamo il diritto di aggiornare o modificare la nostra Informativa sulla privacy in qualsiasi momento e pertanto, periodicamente, va controllata la presente Informativa sulla privacy. L\u2019uso continuato del servizio, dopo aver pubblicato eventuali modifiche all\u2019informativa\u00a0sulla privacy in questa pagina, costituir\u00e0 il riconoscimento delle modifiche ed il consenso a rispettarle e ad essere vincolato all\u2019informativa\u00a0sulla privacy modificata.<\/p>\n<\/div><script>\ndocument.addEventListener(\"DOMContentLoaded\", function () {\n  \/\/ seleziona tutte le tabelle\n  var tables = document.querySelectorAll(\".wpconsent-cookie-policy-table\");\n\n  tables.forEach(function (table) {\n    \/\/ aggiungi classe extra\n    table.classList.add(\"table\");\n\n    \/\/ imposta larghezze custom (esempio)\n    var colWidths = [\"30%\", \"60%\", \"10%\"];\n\n    var rows = table.querySelectorAll(\"tr\");\n    rows.forEach(function (row) {\n      var cells = row.querySelectorAll(\"th, td\");\n      cells.forEach(function (cell, i) {\n        if (colWidths[i]) {\n          cell.style.width = colWidths[i];\n        }\n      });\n    });\n  });\n});\n<\/script><\/div><\/div><\/div><\/div>\n","protected":false},"excerpt":{"rendered":"","protected":false},"author":2,"featured_media":0,"parent":0,"menu_order":0,"comment_status":"closed","ping_status":"closed","template":"","meta":{"footnotes":""},"class_list":["post-3969","page","type-page","status-publish","hentry"],"_links":{"self":[{"href":"https:\/\/demo.xeniaprogetti.it\/fondazioneconcettadalessandro\/wp-json\/wp\/v2\/pages\/3969","targetHints":{"allow":["GET"]}}],"collection":[{"href":"https:\/\/demo.xeniaprogetti.it\/fondazioneconcettadalessandro\/wp-json\/wp\/v2\/pages"}],"about":[{"href":"https:\/\/demo.xeniaprogetti.it\/fondazioneconcettadalessandro\/wp-json\/wp\/v2\/types\/page"}],"author":[{"embeddable":true,"href":"https:\/\/demo.xeniaprogetti.it\/fondazioneconcettadalessandro\/wp-json\/wp\/v2\/users\/2"}],"replies":[{"embeddable":true,"href":"https:\/\/demo.xeniaprogetti.it\/fondazioneconcettadalessandro\/wp-json\/wp\/v2\/comments?post=3969"}],"version-history":[{"count":46,"href":"https:\/\/demo.xeniaprogetti.it\/fondazioneconcettadalessandro\/wp-json\/wp\/v2\/pages\/3969\/revisions"}],"predecessor-version":[{"id":7270,"href":"https:\/\/demo.xeniaprogetti.it\/fondazioneconcettadalessandro\/wp-json\/wp\/v2\/pages\/3969\/revisions\/7270"}],"wp:attachment":[{"href":"https:\/\/demo.xeniaprogetti.it\/fondazioneconcettadalessandro\/wp-json\/wp\/v2\/media?parent=3969"}],"curies":[{"name":"wp","href":"https:\/\/api.w.org\/{rel}","templated":true}]}}