{"id":3409,"date":"2025-07-30T16:29:55","date_gmt":"2025-07-30T14:29:55","guid":{"rendered":"http:\/\/demo.xeniaprogetti.it\/fondazioneconcettadalessandro\/?page_id=3409"},"modified":"2026-03-03T17:49:32","modified_gmt":"2026-03-03T16:49:32","slug":"codice-etico","status":"publish","type":"page","link":"https:\/\/demo.xeniaprogetti.it\/fondazioneconcettadalessandro\/codice-etico\/","title":{"rendered":"Codice etico"},"content":{"rendered":"<div class=\"fusion-fullwidth fullwidth-box fusion-builder-row-1 fusion-flex-container nonhundred-percent-fullwidth non-hundred-percent-height-scrolling\" style=\"--awb-border-radius-top-left:0px;--awb-border-radius-top-right:0px;--awb-border-radius-bottom-right:0px;--awb-border-radius-bottom-left:0px;--awb-padding-top:0px;--awb-padding-bottom:0px;--awb-padding-top-small:0px;--awb-background-color:var(--awb-color1);--awb-flex-wrap:wrap;\" ><div class=\"fusion-builder-row fusion-row fusion-flex-align-items-flex-start fusion-flex-justify-content-center fusion-flex-content-wrap\" style=\"max-width:1365px;margin-left: calc(-5% \/ 2 );margin-right: calc(-5% \/ 2 );\"><div class=\"fusion-layout-column fusion_builder_column fusion-builder-column-0 awb-sticky awb-sticky-medium awb-sticky-large fusion_builder_column_1_5 1_5 fusion-flex-column fusion-animated\" style=\"--awb-padding-top:63px;--awb-padding-right-small:60px;--awb-padding-left-small:60px;--awb-bg-size:cover;--awb-width-large:20%;--awb-margin-top-large:0px;--awb-spacing-right-large:0%;--awb-margin-bottom-large:45px;--awb-spacing-left-large:0%;--awb-width-medium:20%;--awb-order-medium:0;--awb-spacing-right-medium:0%;--awb-spacing-left-medium:0%;--awb-width-small:100%;--awb-order-small:0;--awb-spacing-right-small:2.375%;--awb-spacing-left-small:2.375%;--awb-sticky-offset:80px;\" data-animationType=\"fadeInLeft\" data-animationDuration=\"1.2\" data-animationOffset=\"top-into-view\"><div class=\"fusion-column-wrapper fusion-column-has-shadow fusion-flex-justify-content-flex-start fusion-content-layout-column\"><div class=\"fusion-title title fusion-title-1 fusion-sep-none fusion-title-text fusion-title-size-one\" style=\"--awb-text-color:var(--awb-color7);--awb-margin-bottom:0px;--awb-font-size:48px;\"><h1 class=\"fusion-title-heading title-heading-left\" style=\"font-family:&quot;Montserrat&quot;;font-style:normal;font-weight:500;margin:0;font-size:1em;text-transform:var(--awb-typography1-text-transform);line-height:1.2;\">Il codice etico della Fondazione<\/h1><\/div><\/div><\/div><div class=\"fusion-layout-column fusion_builder_column fusion-builder-column-1 awb-sticky awb-sticky-medium awb-sticky-large fusion-flex-column fusion-no-small-visibility fusion-animated\" style=\"--awb-padding-top:60px;--awb-padding-bottom:60px;--awb-bg-size:cover;--awb-border-color:var(--awb-color7);--awb-border-top:2px;--awb-border-style:solid;--awb-width-large:10%;--awb-margin-top-large:100px;--awb-spacing-right-large:0%;--awb-margin-bottom-large:0px;--awb-spacing-left-large:23.75%;--awb-width-medium:10%;--awb-order-medium:0;--awb-spacing-right-medium:0%;--awb-spacing-left-medium:23.75%;--awb-width-small:100%;--awb-order-small:0;--awb-margin-top-small:0px;--awb-spacing-right-small:2.375%;--awb-spacing-left-small:2.375%;--awb-sticky-offset:130px;\" data-animationType=\"fadeIn\" data-animationDuration=\"1.2\" data-animationOffset=\"top-into-view\"><div class=\"fusion-column-wrapper fusion-column-has-shadow fusion-flex-justify-content-flex-start fusion-content-layout-column\"><div class=\"fusion-separator fusion-full-width-sep\" style=\"align-self: center;margin-left: auto;margin-right: auto;width:100%;\"><\/div><\/div><\/div><div class=\"fusion-layout-column fusion_builder_column fusion-builder-column-2 awb-sticky awb-sticky-medium awb-sticky-large fusion-flex-column fusion-flex-align-self-stretch fusion-no-small-visibility fusion-animated\" style=\"--awb-bg-size:cover;--awb-border-color:var(--awb-color8);--awb-border-top:0;--awb-border-right:2px;--awb-border-style:solid;--awb-width-large:4%;--awb-margin-top-large:100px;--awb-spacing-right-large:0%;--awb-margin-bottom-large:0px;--awb-spacing-left-large:-95%;--awb-width-medium:4%;--awb-order-medium:0;--awb-spacing-right-medium:0%;--awb-spacing-left-medium:-95%;--awb-width-small:100%;--awb-order-small:0;--awb-spacing-right-small:2.375%;--awb-spacing-left-small:2.375%;\" data-animationType=\"fadeIn\" data-animationDuration=\"1.2\" data-animationOffset=\"top-into-view\"><div class=\"fusion-column-wrapper fusion-column-has-shadow fusion-flex-justify-content-flex-start fusion-content-layout-column\"><div class=\"fusion-separator fusion-full-width-sep\" style=\"align-self: center;margin-left: auto;margin-right: auto;width:100%;\"><\/div><\/div><\/div><div class=\"fusion-layout-column fusion_builder_column fusion-builder-column-3 fusion-flex-column fusion-animated\" style=\"--awb-padding-top:50px;--awb-padding-bottom:130px;--awb-padding-left:40px;--awb-padding-top-small:60px;--awb-padding-bottom-small:60px;--awb-bg-size:cover;--awb-width-large:50%;--awb-margin-top-large:30px;--awb-spacing-right-large:4.75%;--awb-margin-bottom-large:0px;--awb-spacing-left-large:4.75%;--awb-width-medium:50%;--awb-order-medium:0;--awb-spacing-right-medium:4.75%;--awb-spacing-left-medium:4.75%;--awb-width-small:100%;--awb-order-small:0;--awb-spacing-right-small:2.375%;--awb-spacing-left-small:2.375%;\" data-animationType=\"fadeInUp\" data-animationDuration=\"1.2\" data-animationOffset=\"top-into-view\" data-scroll-devices=\"small-visibility,medium-visibility,large-visibility\"><div class=\"fusion-column-wrapper fusion-column-has-shadow fusion-flex-justify-content-flex-start fusion-content-layout-column\"><div class=\"fusion-text fusion-text-1\" style=\"--awb-font-size:17px;--awb-text-font-family:&quot;Lora&quot;;--awb-text-font-style:normal;--awb-text-font-weight:500;\"><p class=\"elementor-heading-title elementor-size-default\">La Fondazione ha individuato e si riconosce nei seguenti valori che esprimono la propria missione e guidano l\u2019operato di tutti coloro che operano per essa: onest\u00e0, affidabilit\u00e0, obiettivit\u00e0 ed imparzialit\u00e0, correttezza, trasparenza e moralit\u00e0<\/p>\n<\/div><ul style=\"--awb-margin-top:30px;--awb-margin-bottom:0px;--awb-item-padding-top:20px;--awb-item-padding-right:20px;--awb-item-padding-bottom:20px;--awb-item-padding-left:20px;--awb-odd-row-bgcolor:rgba(0,76,76,0.07);--awb-iconcolor:var(--awb-color7);--awb-textcolor:var(--awb-color8);--awb-line-height:27.2px;--awb-icon-width:27.2px;--awb-icon-height:27.2px;--awb-icon-margin:11.2px;--awb-content-margin:38.4px;\" class=\"fusion-checklist fusion-checklist-1 type-icons\"><li class=\"fusion-li-item\" style=\"\"><span class=\"icon-wrapper circle-no\"><i class=\"fusion-li-icon fa-check-circle far\" aria-hidden=\"true\"><\/i><\/span><div class=\"fusion-li-item-content\">\n<p style=\"font-family: 'Lora';\">Rispettare tutte le leggi e le normative;<\/p>\n<\/div><\/li><li class=\"fusion-li-item\" style=\"\"><span class=\"icon-wrapper circle-no\"><i class=\"fusion-li-icon fa-check-circle far\" aria-hidden=\"true\"><\/i><\/span><div class=\"fusion-li-item-content\">\n<p style=\"font-family: 'Lora';\">Rispettare lo Statuto della Fondazione, i Regolamenti, l\u2019Organigramma e tutte le linee guida adottate dall\u2019assessorato alla sanit\u00e0 della Regione Siciliana;<\/p>\n<\/div><\/li><li class=\"fusion-li-item\" style=\"\"><span class=\"icon-wrapper circle-no\"><i class=\"fusion-li-icon fa-check-circle far\" aria-hidden=\"true\"><\/i><\/span><div class=\"fusion-li-item-content\">\n<p style=\"font-family: 'Lora';\">Essere autonomi e indipendenti da condizionamenti provenienti da istituzioni, partiti, sindacati, organizzazioni e soggetti di qualsivoglia natura;<\/p>\n<\/div><\/li><li class=\"fusion-li-item\" style=\"\"><span class=\"icon-wrapper circle-no\"><i class=\"fusion-li-icon fa-check-circle far\" aria-hidden=\"true\"><\/i><\/span><div class=\"fusion-li-item-content\">\n<p style=\"font-family: 'Lora';\">Rispettare i diritti della persona con disabilit\u00e0, mediante la promozione e sostegno dell\u2019autonomia, delle capacit\u00e0, della partecipazione nella vita sociale;<\/p>\n<\/div><\/li><li class=\"fusion-li-item\" style=\"\"><span class=\"icon-wrapper circle-no\"><i class=\"fusion-li-icon fa-check-circle far\" aria-hidden=\"true\"><\/i><\/span><div class=\"fusion-li-item-content\">\n<p style=\"font-family: 'Lora';\">Impegnarsi per ripudiare e combattere qualunque forma di discriminazione, sia essa di genere, di diversa abilit\u00e0, di religione, di orientamento sessuale, di convinzioni personali, di aspetto fisico, di colore della pelle, di lingua, di origini etniche, di condizioni sociali, di appartenenza politica e sindacale, di cittadinanza, di condizioni personali e di salute, di gravidanza, di maternit\u00e0, di scelte familiari, o di et\u00e0.<\/p>\n<\/div><\/li><li class=\"fusion-li-item\" style=\"\"><span class=\"icon-wrapper circle-no\"><i class=\"fusion-li-icon fa-check-circle far\" aria-hidden=\"true\"><\/i><\/span><div class=\"fusion-li-item-content\">\n<p style=\"font-family: 'Lora';\">Impegnarsi a dirigere tutte le risorse della Fondazione nell\u2019esclusivo perseguimento delle attivit\u00e0 istituzionali, mostrando efficienza ed efficacia nell\u2019utilizzo delle risorse per arrivare agli obiettivi fissati;<\/p>\n<\/div><\/li><li class=\"fusion-li-item\" style=\"\"><span class=\"icon-wrapper circle-no\"><i class=\"fusion-li-icon fa-check-circle far\" aria-hidden=\"true\"><\/i><\/span><div class=\"fusion-li-item-content\">\n<p style=\"font-family: 'Lora';\">Impegnarsi per il raggiungimento degli obbiettivi di qualit\u00e0 nelle attivit\u00e0 mediante il miglioramento continuo, assicurando trasparenza, tracciabilit\u00e0, documentazione dell\u2019operato e attenzione nella scelta dei partner;<\/p>\n<\/div><\/li><li class=\"fusion-li-item\" style=\"\"><span class=\"icon-wrapper circle-no\"><i class=\"fusion-li-icon fa-check-circle far\" aria-hidden=\"true\"><\/i><\/span><div class=\"fusion-li-item-content\">\n<p style=\"font-family: 'Lora';\">Porre attenzione costante ai bisogni ed aspettative delle persone con disabilit\u00e0 e loro familiari e a tutti i portatori di interessi;<\/p>\n<\/div><\/li><li class=\"fusion-li-item\" style=\"\"><span class=\"icon-wrapper circle-no\"><i class=\"fusion-li-icon fa-check-circle far\" aria-hidden=\"true\"><\/i><\/span><div class=\"fusion-li-item-content\">\n<p style=\"font-family: 'Lora';\">Comportarsi con integrit\u00e0 ed onest\u00e0 in ogni circostanza della vita della Fondazione; in assenza di interessi personali indebiti, per s\u00e9 e per terzi, in qualsiasi attivit\u00e0 prestata all\u2019interno e per conto della Fondazione; non trarre beneficio dalla posizione ricoperta all\u2019interno della fondazione per s\u00e9 o per terzi, sia essa di natura privata che legata a incarichi o situazioni di rilevanza pubblica;<\/p>\n<\/div><\/li><li class=\"fusion-li-item\" style=\"\"><span class=\"icon-wrapper circle-no\"><i class=\"fusion-li-icon fa-check-circle far\" aria-hidden=\"true\"><\/i><\/span><div class=\"fusion-li-item-content\">\n<p style=\"font-family: 'Lora';\">Essere intolleranti verso tutte le forme di molestia, sia essa psicologica o morale o sessuale, in quanto condotte lesive della dignit\u00e0 umana;<\/p>\n<\/div><\/li><\/ul><\/div><\/div><\/div><\/div>\n","protected":false},"excerpt":{"rendered":"","protected":false},"author":2,"featured_media":0,"parent":0,"menu_order":0,"comment_status":"closed","ping_status":"closed","template":"","meta":{"footnotes":""},"class_list":["post-3409","page","type-page","status-publish","hentry"],"_links":{"self":[{"href":"https:\/\/demo.xeniaprogetti.it\/fondazioneconcettadalessandro\/wp-json\/wp\/v2\/pages\/3409","targetHints":{"allow":["GET"]}}],"collection":[{"href":"https:\/\/demo.xeniaprogetti.it\/fondazioneconcettadalessandro\/wp-json\/wp\/v2\/pages"}],"about":[{"href":"https:\/\/demo.xeniaprogetti.it\/fondazioneconcettadalessandro\/wp-json\/wp\/v2\/types\/page"}],"author":[{"embeddable":true,"href":"https:\/\/demo.xeniaprogetti.it\/fondazioneconcettadalessandro\/wp-json\/wp\/v2\/users\/2"}],"replies":[{"embeddable":true,"href":"https:\/\/demo.xeniaprogetti.it\/fondazioneconcettadalessandro\/wp-json\/wp\/v2\/comments?post=3409"}],"version-history":[{"count":31,"href":"https:\/\/demo.xeniaprogetti.it\/fondazioneconcettadalessandro\/wp-json\/wp\/v2\/pages\/3409\/revisions"}],"predecessor-version":[{"id":7269,"href":"https:\/\/demo.xeniaprogetti.it\/fondazioneconcettadalessandro\/wp-json\/wp\/v2\/pages\/3409\/revisions\/7269"}],"wp:attachment":[{"href":"https:\/\/demo.xeniaprogetti.it\/fondazioneconcettadalessandro\/wp-json\/wp\/v2\/media?parent=3409"}],"curies":[{"name":"wp","href":"https:\/\/api.w.org\/{rel}","templated":true}]}}