{"id":3027,"date":"2025-07-21T16:16:57","date_gmt":"2025-07-21T14:16:57","guid":{"rendered":"http:\/\/demo.xeniaprogetti.it\/fondazioneconcettadalessandro\/?page_id=3027"},"modified":"2026-03-03T17:45:14","modified_gmt":"2026-03-03T16:45:14","slug":"carta-dei-servizi","status":"publish","type":"page","link":"https:\/\/demo.xeniaprogetti.it\/fondazioneconcettadalessandro\/carta-dei-servizi\/","title":{"rendered":"Carta dei servizi"},"content":{"rendered":"<div class=\"fusion-fullwidth fullwidth-box fusion-builder-row-1 fusion-flex-container fusion-parallax-none hundred-percent-fullwidth non-hundred-percent-height-scrolling lazyload\" style=\"--link_hover_color: #ff0000;--link_color: #ff0000;--awb-border-sizes-top:0px;--awb-border-sizes-bottom:0px;--awb-border-sizes-left:0px;--awb-border-sizes-right:0px;--awb-border-color:#d1d1d1;--awb-border-radius-top-left:0px;--awb-border-radius-top-right:0px;--awb-border-radius-bottom-right:0px;--awb-border-radius-bottom-left:0px;--awb-padding-top:18px;--awb-padding-right:40px;--awb-padding-bottom:24px;--awb-padding-left:40px;--awb-padding-top-medium:20px;--awb-padding-right-medium:20px;--awb-padding-bottom-medium:20px;--awb-padding-left-medium:20px;--awb-margin-top:0px;--awb-margin-bottom:0px;--awb-background-color:rgba(255,255,255,0);--awb-background-size:cover;--awb-flex-wrap:wrap;\" data-bg=\"https:\/\/demo.xeniaprogetti.it\/fondazioneconcettadalessandro\/wp-content\/uploads\/2025\/08\/fd283e3dcd944f6e9fe9df9f017b1b25.webp\" ><div class=\"fusion-builder-row fusion-row fusion-flex-align-items-stretch fusion-flex-justify-content-center fusion-flex-content-wrap\" style=\"width:calc( 100% + 0px ) !important;max-width:calc( 100% + 0px ) !important;margin-left: calc(-0px \/ 2 );margin-right: calc(-0px \/ 2 );\"><div class=\"fusion-layout-column fusion_builder_column fusion-builder-column-0 fusion_builder_column_2_5 2_5 fusion-flex-column fusion-animated\" style=\"--awb-bg-size:cover;--awb-border-color:#ffffff;--awb-border-top:20px;--awb-border-right:20px;--awb-border-bottom:20px;--awb-border-left:20px;--awb-border-style:solid;--awb-width-large:40%;--awb-margin-top-large:0px;--awb-spacing-right-large:calc( 0.05 * calc( 100% - 0 ) );--awb-margin-bottom-large:0px;--awb-spacing-left-large:0px;--awb-width-medium:50%;--awb-order-medium:0;--awb-spacing-right-medium:calc( 0.04 * calc( 100% - 0 ) );--awb-margin-bottom-medium:0px;--awb-spacing-left-medium:calc( 0.04 * calc( 100% - 0 ) );--awb-width-small:100%;--awb-order-small:0;--awb-spacing-right-small:0px;--awb-margin-bottom-small:0px;--awb-spacing-left-small:0px;\" data-animationType=\"fadeInUp\" data-animationDuration=\"1.3\" data-animationOffset=\"top-into-view\"><div class=\"fusion-column-wrapper fusion-column-has-shadow fusion-flex-justify-content-flex-start fusion-content-layout-column\"><div class=\"fusion-separator fusion-no-large-visibility fusion-full-width-sep\" style=\"align-self: center;margin-left: auto;margin-right: auto;margin-bottom:300px;width:100%;\"><\/div><\/div><\/div><div class=\"fusion-layout-column fusion_builder_column fusion-builder-column-1 fusion_builder_column_3_5 3_5 fusion-flex-column fusion-animated\" style=\"--awb-padding-top:2%;--awb-padding-right:5%;--awb-padding-bottom:2%;--awb-padding-left:5%;--awb-padding-top-medium:13%;--awb-padding-bottom-medium:13%;--awb-padding-top-small:36px;--awb-padding-right-small:36px;--awb-padding-bottom-small:36px;--awb-padding-left-small:36px;--awb-bg-color:#ffffff;--awb-bg-color-hover:#ffffff;--awb-bg-size:cover;--awb-width-large:60%;--awb-margin-top-large:0px;--awb-spacing-right-large:0px;--awb-margin-bottom-large:0px;--awb-spacing-left-large:calc( 0.026666666666667 * calc( 100% - 0 ) );--awb-width-medium:50%;--awb-order-medium:1;--awb-spacing-right-medium:0px;--awb-spacing-left-medium:calc( 0.032 * calc( 100% - 0 ) );--awb-width-small:100%;--awb-order-small:1;--awb-spacing-right-small:0px;--awb-spacing-left-small:calc( 0.016 * calc( 100% - 0 ) );\" data-animationType=\"fadeInUp\" data-animationDuration=\"1.3\" data-animationOffset=\"top-into-view\"><div class=\"fusion-column-wrapper fusion-column-has-shadow fusion-flex-justify-content-flex-start fusion-content-layout-column\"><div class=\"fusion-title title fusion-title-1 fusion-sep-none fusion-title-text fusion-title-size-one\" style=\"--awb-text-color:var(--awb-color8);--awb-margin-bottom:30px;--awb-margin-bottom-small:30px;--awb-sep-color:#d1d1d1;--awb-font-size:48px;\"><h1 class=\"fusion-title-heading title-heading-left\" style=\"font-family:&quot;Montserrat&quot;;font-style:normal;font-weight:500;margin:0;font-size:1em;letter-spacing:-3px;text-transform:var(--awb-typography1-text-transform);line-height:1.2;\">Ottieni la Carta dei Servizi della Fondazione<\/h1><\/div><div class=\"fusion-separator fusion-full-width-sep\" style=\"align-self: center;margin-left: auto;margin-right: auto;margin-bottom:20px;width:100%;\"><div class=\"fusion-separator-border sep-single sep-solid\" style=\"--awb-height:20px;--awb-amount:20px;--awb-sep-color:var(--awb-color7);border-color:var(--awb-color7);border-top-width:2px;\"><\/div><\/div><div class=\"fusion-text fusion-text-1 fusion-text-no-margin\" style=\"--awb-font-size:17px;--awb-line-height:1.4;--awb-letter-spacing:0px;--awb-text-transform:var(--awb-typography4-text-transform);--awb-text-color:var(--awb-color8);--awb-margin-top:0px;--awb-margin-bottom:50px;--awb-text-font-family:&quot;Lora&quot;;--awb-text-font-style:normal;--awb-text-font-weight:500;\"><p>La Carta dei Servizi della Fondazione \u201cConcetta D\u2019Alessandro\u201d ETS di Caltagirone \u00e8 un documento che informa in modo chiaro sui servizi offerti, tutela i diritti degli assistiti e promuove il miglioramento continuo. Favorisce un rapporto costruttivo con utenti e familiari e mira a garantire elevati standard qualitativi. \u00c8 accessibile a tutti i frequentatori del Centro ed \u00e8 distribuita anche a enti pubblici, soggetti privati e scuole. La Carta fa parte del sistema di gestione per la qualit\u00e0 conforme alla norma UNI EN ISO 9001:2015.<\/p>\n<\/div><div ><a class=\"fusion-button button-flat button-xlarge button-custom fusion-button-default button-1 fusion-button-span-yes \" style=\"--button_bevel_color:#9ee5b7;--button_bevel_color_hover:#9ee5b7;--button_accent_color:#ffffff;--button_border_color:#ffffff;--button_accent_hover_color:#ffffff;--button_border_hover_color:#ffffff;--button_border_width-top:0px;--button_border_width-right:0px;--button_border_width-bottom:0px;--button_border_width-left:0px;--button-border-radius-top-left:15px;--button-border-radius-top-right:15px;--button-border-radius-bottom-right:15px;--button-border-radius-bottom-left:15px;--button_gradient_top_color:var(--awb-color7);--button_gradient_bottom_color:var(--awb-color7);--button_gradient_top_color_hover:var(--awb-color5);--button_gradient_bottom_color_hover:var(--awb-color5);--button_text_transform:var(--awb-typography3-text-transform);--button_typography-letter-spacing:0px;--button_typography-font-family:&quot;Lora&quot;;--button_typography-font-style:normal;--button_typography-font-weight:500;--button_margin-top:50px;--button_margin-bottom:0px;\" target=\"_blank\" rel=\"noopener noreferrer\" href=\"https:\/\/demo.xeniaprogetti.it\/fondazioneconcettadalessandro\/wp-content\/uploads\/2025\/10\/carta-dei-servizi-fondazione-pdf-rev-5_2025.pdf\"><i class=\"fa-file-pdf fas awb-button__icon awb-button__icon--default button-icon-left\" aria-hidden=\"true\"><\/i><span class=\"fusion-button-text awb-button__text awb-button__text--default\">Carta dei Servizi<\/span><\/a><\/div><\/div><\/div><\/div><\/div>\n","protected":false},"excerpt":{"rendered":"","protected":false},"author":2,"featured_media":0,"parent":0,"menu_order":0,"comment_status":"closed","ping_status":"closed","template":"","meta":{"footnotes":""},"class_list":["post-3027","page","type-page","status-publish","hentry"],"_links":{"self":[{"href":"https:\/\/demo.xeniaprogetti.it\/fondazioneconcettadalessandro\/wp-json\/wp\/v2\/pages\/3027","targetHints":{"allow":["GET"]}}],"collection":[{"href":"https:\/\/demo.xeniaprogetti.it\/fondazioneconcettadalessandro\/wp-json\/wp\/v2\/pages"}],"about":[{"href":"https:\/\/demo.xeniaprogetti.it\/fondazioneconcettadalessandro\/wp-json\/wp\/v2\/types\/page"}],"author":[{"embeddable":true,"href":"https:\/\/demo.xeniaprogetti.it\/fondazioneconcettadalessandro\/wp-json\/wp\/v2\/users\/2"}],"replies":[{"embeddable":true,"href":"https:\/\/demo.xeniaprogetti.it\/fondazioneconcettadalessandro\/wp-json\/wp\/v2\/comments?post=3027"}],"version-history":[{"count":14,"href":"https:\/\/demo.xeniaprogetti.it\/fondazioneconcettadalessandro\/wp-json\/wp\/v2\/pages\/3027\/revisions"}],"predecessor-version":[{"id":7266,"href":"https:\/\/demo.xeniaprogetti.it\/fondazioneconcettadalessandro\/wp-json\/wp\/v2\/pages\/3027\/revisions\/7266"}],"wp:attachment":[{"href":"https:\/\/demo.xeniaprogetti.it\/fondazioneconcettadalessandro\/wp-json\/wp\/v2\/media?parent=3027"}],"curies":[{"name":"wp","href":"https:\/\/api.w.org\/{rel}","templated":true}]}}